{"id":2,"date":"2026-01-09T16:45:25","date_gmt":"2026-01-09T16:45:25","guid":{"rendered":"http:\/\/www.casadossobreiros.pt\/?page_id=2"},"modified":"2026-01-16T14:47:57","modified_gmt":"2026-01-16T14:47:57","slug":"sample-page","status":"publish","type":"page","link":"https:\/\/www.casadossobreiros.pt\/?page_id=2","title":{"rendered":""},"content":{"rendered":"\n\n\n\n\n\n<font dir=\"auto\" style=\"vertical-align: inherit;\"><font dir=\"auto\" style=\"vertical-align: inherit;\">&nbsp; &nbsp; &nbsp; &nbsp; &nbsp; &nbsp;Bem vindo \u00e0 <\/font><\/font>\n<font dir=\"auto\" style=\"vertical-align: inherit;\"><font dir=\"auto\" style=\"vertical-align: inherit;\"><font dir=\"auto\" style=\"vertical-align: inherit;\"><font dir=\"auto\" style=\"vertical-align: inherit;\">&nbsp; &nbsp; &nbsp;Casa dos Sobreiros<\/font><\/font><\/font><\/font>\n<p><span style=\"font-size: 21.7099px;\">A Casa dos Sobreiros \u00e9 um alojamento de turismo rural situado no cora\u00e7\u00e3o do Alentejo,<\/span><\/p><p><span style=\"font-size: 21.7099px;\">pensado para quem procura tranquilidade, contacto com a natureza e conforto.<\/span><\/p><p><span style=\"font-size: 21.7099px;\"><br><\/span><\/p><p><span style=\"font-size: 21.7099px;\">Rodeada por paisagens t\u00edpicas alentejanas, a casa oferece um ambiente calmo e acolhedor,<\/span><\/p><p><span style=\"font-size: 21.7099px;\">ideal para descansar, desligar da rotina e aproveitar o ritmo sereno da regi\u00e3o.<\/span><\/p><p><span style=\"font-size: 21.7099px;\"><br><\/span><\/p><p><span style=\"font-size: 21.7099px;\">Com espa\u00e7os amplos, luminosos e cuidadosamente preparados, a Casa dos Sobreiros<\/span><\/p><p><span style=\"font-size: 21.7099px;\">\u00e9 perfeita para estadias em fam\u00edlia, escapadinhas a dois ou momentos especiais<\/span><\/p><p><span style=\"font-size: 21.7099px;\">com amigos, proporcionando uma experi\u00eancia aut\u00eantica e memor\u00e1vel.<\/span><\/p><div><br><\/div>\n\n\n\n\n","protected":false},"excerpt":{"rendered":"","protected":false},"author":1,"featured_media":0,"parent":0,"menu_order":0,"comment_status":"closed","ping_status":"closed","template":"","meta":{"pagelayer_contact_templates":[],"_pagelayer_content":"","footnotes":""},"class_list":["post-2","page","type-page","status-publish","hentry"],"_links":{"self":[{"href":"https:\/\/www.casadossobreiros.pt\/index.php?rest_route=\/wp\/v2\/pages\/2","targetHints":{"allow":["GET"]}}],"collection":[{"href":"https:\/\/www.casadossobreiros.pt\/index.php?rest_route=\/wp\/v2\/pages"}],"about":[{"href":"https:\/\/www.casadossobreiros.pt\/index.php?rest_route=\/wp\/v2\/types\/page"}],"author":[{"embeddable":true,"href":"https:\/\/www.casadossobreiros.pt\/index.php?rest_route=\/wp\/v2\/users\/1"}],"replies":[{"embeddable":true,"href":"https:\/\/www.casadossobreiros.pt\/index.php?rest_route=%2Fwp%2Fv2%2Fcomments&post=2"}],"version-history":[{"count":1,"href":"https:\/\/www.casadossobreiros.pt\/index.php?rest_route=\/wp\/v2\/pages\/2\/revisions"}],"predecessor-version":[{"id":9,"href":"https:\/\/www.casadossobreiros.pt\/index.php?rest_route=\/wp\/v2\/pages\/2\/revisions\/9"}],"wp:attachment":[{"href":"https:\/\/www.casadossobreiros.pt\/index.php?rest_route=%2Fwp%2Fv2%2Fmedia&parent=2"}],"curies":[{"name":"wp","href":"https:\/\/api.w.org\/{rel}","templated":true}]}}